{"id":1178,"date":"2025-01-13T10:32:04","date_gmt":"2025-01-13T09:32:04","guid":{"rendered":"https:\/\/claudiathali.com\/?page_id=1178"},"modified":"2025-01-30T17:12:31","modified_gmt":"2025-01-30T16:12:31","slug":"neurowissenschaft","status":"publish","type":"page","link":"https:\/\/claudiathali.com\/de\/neurowissenschaft\/","title":{"rendered":"Neurowissenschaft"},"content":{"rendered":"\n<div class=\"wp-block-cover alignfull is-light\" style=\"min-height:500px;aspect-ratio:unset;\"><span aria-hidden=\"true\" class=\"wp-block-cover__background has-background-dim-0 has-background-dim\"><\/span><img loading=\"lazy\" decoding=\"async\" width=\"1350\" height=\"580\" class=\"wp-block-cover__image-background wp-image-730\" alt=\"\" src=\"https:\/\/claudiathali.com\/wp-content\/uploads\/2021\/10\/mood_neurowissenschaft.jpeg\" data-object-fit=\"cover\" srcset=\"https:\/\/claudiathali.com\/wp-content\/uploads\/2021\/10\/mood_neurowissenschaft.jpeg 1350w, https:\/\/claudiathali.com\/wp-content\/uploads\/2021\/10\/mood_neurowissenschaft-300x129.jpeg 300w, https:\/\/claudiathali.com\/wp-content\/uploads\/2021\/10\/mood_neurowissenschaft-1024x440.jpeg 1024w, https:\/\/claudiathali.com\/wp-content\/uploads\/2021\/10\/mood_neurowissenschaft-768x330.jpeg 768w\" sizes=\"auto, (max-width: 1350px) 100vw, 1350px\" \/><div class=\"wp-block-cover__inner-container is-layout-flow wp-block-cover-is-layout-flow\">\n<h1 class=\"wp-block-heading alignwide has-primary-dark-color has-text-color has-extra-large-font-size\">Neurowissenschaft<\/h1>\n<\/div><\/div>\n\n\n\n<h2 class=\"wp-block-heading alignwide\">Neuroleadership als Erfolgsschl\u00fcssel<\/h2>\n\n\n\n<h3 class=\"wp-block-heading alignwide has-grey-color has-text-color has-medium-font-size\"><em>Wenn du weisst, wie das menschliche Gehirn funktioniert, verstehst du, was Menschen bewegt.<\/em><\/h3>\n\n\n\n<div style=\"height:30px\" aria-hidden=\"true\" class=\"wp-block-spacer\"><\/div>\n\n\n\n<p class=\"alignwide\">Der Wissensstand in den Neurowissenschaften ist in den letzten Jahren rasant gewachsen. Heute lassen sich Konzepte wie Ged\u00e4chtnis, Fokus, Kreativit\u00e4t, Wille, Bewusstsein, Rationalit\u00e4t und Emotionen empirisch untersuchen und mithilfe bildgebender Verfahren bestimmten Gehirnregionen und -zust\u00e4nden sowie k\u00f6rperlichen Prozessen zuordnen.<\/p>\n\n\n\n<div class=\"wp-block-columns alignwide are-vertically-aligned-center is-layout-flex wp-container-core-columns-is-layout-9d6595d7 wp-block-columns-is-layout-flex\">\n<div class=\"wp-block-column is-vertically-aligned-center is-layout-flow wp-block-column-is-layout-flow\">\n<figure data-no-zoom=\"true\" class=\"wp-block-image size-full is-style-small\"><img loading=\"lazy\" decoding=\"async\" width=\"623\" height=\"488\" src=\"https:\/\/claudiathali.com\/wp-content\/uploads\/2021\/09\/neuro_gfx.png\" alt=\"\" class=\"wp-image-208\" srcset=\"https:\/\/claudiathali.com\/wp-content\/uploads\/2021\/09\/neuro_gfx.png 623w, https:\/\/claudiathali.com\/wp-content\/uploads\/2021\/09\/neuro_gfx-300x235.png 300w\" sizes=\"auto, (max-width: 623px) 100vw, 623px\" \/><\/figure>\n<\/div>\n\n\n\n<div class=\"wp-block-column is-vertically-aligned-center is-layout-flow wp-block-column-is-layout-flow\">\n<p class=\"has-normal-font-size\">Das Verst\u00e4ndnis der meist unbewussten Prozesse in Gehirn und K\u00f6rper \u2013 und deren Einfluss auf Verhalten \u2013 ist auch f\u00fcr die Gesch\u00e4ftswelt relevant. Besonders in Bereichen wie Marketing, Performance, Work-Life-Balance, Pers\u00f6nlichkeits- und Teamentwicklung sowie Leadership spielt dieses Wissen eine entscheidende Rolle.<\/p>\n\n\n\n<p>In den letzten Jahren hat sich in Wirtschaftskreisen der Ansatz des Neuroleadership etabliert. Dieser \u00fcbertr\u00e4gt neurowissenschaftliche Erkenntnisse auf Leadership, Innovation, Change Management und die Gestaltung des Arbeitsumfeldes. Dabei geht es um Fragen wie: Wie treffen Menschen Entscheidungen? Wie l\u00f6sen sie Probleme, regulieren Emotionen, arbeiten zusammen oder beeinflussen einander? Und was brauchen sie, um kreativ zu sein? \u00dcber diese Themen spreche ich bei Bedarf gerne.<\/p>\n<\/div>\n<\/div>\n\n\n\n<div style=\"height:60px\" aria-hidden=\"true\" class=\"wp-block-spacer is-style-normal\"><\/div>\n\n\n\n<div class=\"wp-block-group alignfull has-light-grey-background-color has-background\"><div class=\"wp-block-group__inner-container is-layout-flow wp-block-group-is-layout-flow\">\n<p class=\"align\">Jede Ver\u00e4nderung beginnt bei dir selbst. Wenn du m\u00f6chtest, dass andere besser performen, starte damit, deinen Geist besser zu verstehen. Es lohnt sich \u2013 denn eine gesunde Organisationskultur ist die Grundlage f\u00fcr nachhaltigen Erfolg.<\/p>\n\n\n\n<div style=\"height:100px\" aria-hidden=\"true\" class=\"wp-block-spacer is-style-normal\"><\/div>\n\n\n\n<figure data-no-zoom=\"true\" class=\"wp-block-image alignwide size-large responsive\"><img loading=\"lazy\" decoding=\"async\" width=\"1024\" height=\"302\" src=\"https:\/\/claudiathali.com\/wp-content\/uploads\/2021\/08\/grafik-1024x302.png\" alt=\"\" class=\"wp-image-112\" srcset=\"https:\/\/claudiathali.com\/wp-content\/uploads\/2021\/08\/grafik-1024x302.png 1024w, https:\/\/claudiathali.com\/wp-content\/uploads\/2021\/08\/grafik-300x89.png 300w, https:\/\/claudiathali.com\/wp-content\/uploads\/2021\/08\/grafik-768x227.png 768w, https:\/\/claudiathali.com\/wp-content\/uploads\/2021\/08\/grafik-1536x453.png 1536w, https:\/\/claudiathali.com\/wp-content\/uploads\/2021\/08\/grafik-2048x604.png 2048w\" sizes=\"auto, (max-width: 1024px) 100vw, 1024px\" \/><\/figure>\n\n\n\n<div style=\"height:60px\" aria-hidden=\"true\" class=\"wp-block-spacer is-style-normal\"><\/div>\n\n\n<div class=\"alignfull block-quotes-slider-container block-6156ec57507740\">\n    <div class=\"align block-quotes-slider block-6156ec57507740 wp-block-acf-quotes-slider\">\n        <div class=\"carousel slide\" data-ride=\"carousel\" data-interval=\"5000\" id=\"slider6156ec57507740\">\n            <div class=\"carousel-inner\">\n                                    <div class=\"carousel-item active\">\n                        <blockquote><p>Eine <a tabindex=\"-1\" href=\"https:\/\/www.avanade.com\/~\/media\/asset\/thinking\/mit-research.pdf\" target=\"_blank\" rel=\"noopener noreferrer\">MIT-Forschungsstudie<\/a> zeigt, dass Unternehmen, deren <strong>\u2018Employee Experience\u2019<\/strong> im oberen Viertel angesiedelt ist, <strong>doppelt so viel Innovation, doppelte Kundenzufriedenheit und 25% h\u00f6here Gewinne<\/strong> erzielen als Unternehmen, die sich bez\u00fcglich der \u2018Employee Experience\u2019 im unteren Viertel befinden.<\/p>\n<\/blockquote>\n                    <\/div>\n                                    <div class=\"carousel-item\">\n                        <blockquote><p>Ein umfangreiches <a tabindex=\"0\" href=\"https:\/\/rework.withgoogle.com\/print\/guides\/5721312655835136\/\" target=\"_blank\" rel=\"noopener noreferrer\">Projekt bei Google<\/a> hat <strong>die \u201epsychologische Sicherheit\u201c <\/strong>als wichtigsten Faktor f\u00fcr die<strong> Effektivit\u00e4t eines Teams<\/strong> identifiziert.<\/p>\n<\/blockquote>\n                    <\/div>\n                                    <div class=\"carousel-item\">\n                        <blockquote><p><span class=\"testimonial-content-span\"><strong>Gl\u00fccklich sein macht Menschen 12% produktiver <\/strong>bei der Arbeit, laut einer Studie <a tabindex=\"0\" href=\"https:\/\/warwick.ac.uk\/newsandevents\/pressreleases\/new_study_shows\/\" target=\"_blank\" rel=\"noopener noreferrer\">der Universit\u00e4t Warwick<\/a>.<\/span><\/p>\n<\/blockquote>\n                    <\/div>\n                                    <div class=\"carousel-item\">\n                        <blockquote><p><span class=\"testimonial-content-span\"><a tabindex=\"0\" href=\"https:\/\/voxeu.org\/article\/employee-wellbeing-productivity-and-firm-performance\" target=\"_blank\" rel=\"noopener noreferrer\">Daten<\/a> von 1,8 Millionen Mitarbeitern deuten auf eine starke <strong>positive Korrelation zwischen dem Wohlbefinden der Mitarbeiter, der Produktivit\u00e4t und der Unternehmensleistung<\/strong> hin.<\/span><\/p>\n<\/blockquote>\n                    <\/div>\n                                    <div class=\"carousel-item\">\n                        <blockquote><p><span class=\"testimonial-content-span\">Laut einer <a tabindex=\"0\" href=\"https:\/\/www.mckinsey.com\/business-functions\/organization\/our-insights\/is-there-a-payoff-from-top-team-diversity\" target=\"_blank\" rel=\"noopener noreferrer\">McKinsey-Studie<\/a><strong> sind<\/strong> Unternehmen mit einer <strong>hohen Diversit\u00e4t in\u00a0Top-Teams auch im Finanzbereich Spitzenreiter<\/strong>.<\/span><\/p>\n<\/blockquote>\n                    <\/div>\n                                    <div class=\"carousel-item\">\n                        <blockquote><p><span class=\"testimonial-content-span\">Eine<a tabindex=\"-1\" href=\"https:\/\/www2.deloitte.com\/content\/dam\/Deloitte\/global\/Documents\/About-Deloitte\/gx-core-beliefs-and-culture.pdf\" target=\"_blank\" rel=\"noopener noreferrer\"> Deloitte-Studie<\/a> ergab, dass <strong>94% der F\u00fchrungskr\u00e4fte eine gesunde Firmenkultur<\/strong> f\u00fcr den Gesch\u00e4ftserfolg f\u00fcr<strong> sehr wichtig halten<\/strong>. Und eine weitere aktuelle <a tabindex=\"-1\" href=\"https:\/\/www.tinypulse.com\/hubfs\/EE%20Report%202019.pdf\" target=\"_blank\" rel=\"noopener noreferrer\">Studie<\/a> zeigt, dass<strong> 75% der Mitarbeiter der Meinung sind, dass ihre Unternehmenskultur ihr aktives Engagement am Arbeitsplatz f\u00f6rdert<\/strong>.<\/span><\/p>\n<\/blockquote>\n                    <\/div>\n                                    <div class=\"carousel-item\">\n                        <blockquote><p><span class=\"testimonial-content-span\">Unternehmen mit <strong>hoch engagierten Mitarbeitern<\/strong> verzeichnen laut einem <a tabindex=\"0\" href=\"https:\/\/zeal.technology\/customers-know-employees-engaged\/\" target=\"_blank\" rel=\"noopener noreferrer\">Bericht<\/a> der Hay Group ein etwa<strong> 2,5x h\u00f6heres Umsatzwachstum<\/strong>.<\/span><\/p>\n<\/blockquote>\n                    <\/div>\n                                    <div class=\"carousel-item\">\n                        <blockquote><p><span class=\"testimonial-content-span\"><a tabindex=\"0\" href=\"https:\/\/www.glassdoor.com\/research\/studies\/does-company-culture-pay-off-analyzing-stock-performance-of-best-places-to-work-companies\/\" target=\"_blank\" rel=\"noopener noreferrer\">Eine GlassDoor-Studie<\/a> ergab, dass die Auszeichnung zum <strong>Best Place to Work mit einer 0,75% Aktienkurserh\u00f6hung verbunden ist<\/strong>.<\/span><\/p>\n<\/blockquote>\n                    <\/div>\n                            <\/div>\n            <div class=\"carousel-controls\">\n                <a class=\"carousel-control-prev\" href=\"#slider6156ec57507740\" role=\"button\" data-slide=\"prev\">\n                    <span class=\"carousel-control-prev-icon\" aria-hidden=\"true\"><\/span>\n                    <span class=\"sr-only\">Letztes Zitat<\/span>\n                <\/a>\n                <a class=\"carousel-control-next\" href=\"#slider6156ec57507740\" role=\"button\" data-slide=\"next\">\n                    <span class=\"carousel-control-next-icon\" aria-hidden=\"true\"><\/span>\n                    <span class=\"sr-only\">N\u00e4chstes Zitat<\/span>\n                <\/a>\n            <\/div>\n        <\/div>\n    <\/div>\n<\/div><\/div><\/div>\n","protected":false},"excerpt":{"rendered":"<p>Neuroleadership als Erfolgsschl\u00fcssel Wenn du weisst, wie das menschliche Gehirn funktioniert, verstehst du, was Menschen bewegt. Der Wissensstand in den Neurowissenschaften ist in den letzten Jahren rasant gewachsen. Heute lassen sich Konzepte wie Ged\u00e4chtnis, Fokus, Kreativit\u00e4t, Wille, Bewusstsein, Rationalit\u00e4t und Emotionen empirisch untersuchen und mithilfe bildgebender Verfahren bestimmten Gehirnregionen und -zust\u00e4nden sowie k\u00f6rperlichen Prozessen zuordnen. [&hellip;]<\/p>\n","protected":false},"author":1,"featured_media":0,"parent":0,"menu_order":0,"comment_status":"closed","ping_status":"closed","template":"","meta":{"footnotes":""},"class_list":["post-1178","page","type-page","status-publish","hentry"],"acf":[],"_links":{"self":[{"href":"https:\/\/claudiathali.com\/de\/wp-json\/wp\/v2\/pages\/1178","targetHints":{"allow":["GET"]}}],"collection":[{"href":"https:\/\/claudiathali.com\/de\/wp-json\/wp\/v2\/pages"}],"about":[{"href":"https:\/\/claudiathali.com\/de\/wp-json\/wp\/v2\/types\/page"}],"author":[{"embeddable":true,"href":"https:\/\/claudiathali.com\/de\/wp-json\/wp\/v2\/users\/1"}],"replies":[{"embeddable":true,"href":"https:\/\/claudiathali.com\/de\/wp-json\/wp\/v2\/comments?post=1178"}],"version-history":[{"count":13,"href":"https:\/\/claudiathali.com\/de\/wp-json\/wp\/v2\/pages\/1178\/revisions"}],"predecessor-version":[{"id":1498,"href":"https:\/\/claudiathali.com\/de\/wp-json\/wp\/v2\/pages\/1178\/revisions\/1498"}],"wp:attachment":[{"href":"https:\/\/claudiathali.com\/de\/wp-json\/wp\/v2\/media?parent=1178"}],"curies":[{"name":"wp","href":"https:\/\/api.w.org\/{rel}","templated":true}]}}