{"id":51,"date":"2021-08-26T19:38:05","date_gmt":"2021-08-26T17:38:05","guid":{"rendered":"https:\/\/claudiathali.dev.hayloft-it.ch\/?page_id=51"},"modified":"2025-01-31T08:20:10","modified_gmt":"2025-01-31T07:20:10","slug":"achtsamkeit","status":"publish","type":"page","link":"https:\/\/claudiathali.com\/de\/achtsamkeit\/","title":{"rendered":"Achtsamkeit"},"content":{"rendered":"\n<div class=\"wp-block-cover alignfull is-light\" style=\"min-height:500px;aspect-ratio:unset;\"><span aria-hidden=\"true\" class=\"wp-block-cover__background has-background-dim-0 has-background-dim\"><\/span><img loading=\"lazy\" decoding=\"async\" width=\"1350\" height=\"580\" class=\"wp-block-cover__image-background wp-image-286\" alt=\"\" src=\"https:\/\/claudiathali.com\/wp-content\/uploads\/2021\/09\/mindful_bg.jpeg\" data-object-fit=\"cover\" srcset=\"https:\/\/claudiathali.com\/wp-content\/uploads\/2021\/09\/mindful_bg.jpeg 1350w, https:\/\/claudiathali.com\/wp-content\/uploads\/2021\/09\/mindful_bg-300x129.jpeg 300w, https:\/\/claudiathali.com\/wp-content\/uploads\/2021\/09\/mindful_bg-1024x440.jpeg 1024w, https:\/\/claudiathali.com\/wp-content\/uploads\/2021\/09\/mindful_bg-768x330.jpeg 768w\" sizes=\"auto, (max-width: 1350px) 100vw, 1350px\" \/><div class=\"wp-block-cover__inner-container is-layout-flow wp-block-cover-is-layout-flow\">\n<h1 class=\"wp-block-heading alignwide has-primary-dark-color has-text-color has-extra-large-font-size\">Achtsamkeit<\/h1>\n<\/div><\/div>\n\n\n\n<h2 class=\"wp-block-heading alignwide\"><meta charset=\"utf-8\">Achtsamkeit \u2013 nur ein Trend?<\/h2>\n\n\n\n<h4 class=\"wp-block-heading alignwide has-grey-color has-text-color\"><em>&#8222;Wenn wir unsere Grenzen akzeptieren, k\u00f6nnen wir sie \u00fcberwinden.&#8220; Albert Einstein<\/em><\/h4>\n\n\n\n<div style=\"height:30px\" aria-hidden=\"true\" class=\"wp-block-spacer\"><\/div>\n\n\n\n<div class=\"wp-block-columns alignwide are-vertically-aligned-center is-layout-flex wp-container-core-columns-is-layout-9d6595d7 wp-block-columns-is-layout-flex\">\n<div class=\"wp-block-column is-vertically-aligned-center is-layout-flow wp-block-column-is-layout-flow\">\n<figure data-no-zoom=\"true\" class=\"wp-block-image size-full is-style-small\"><img loading=\"lazy\" decoding=\"async\" width=\"593\" height=\"370\" src=\"https:\/\/claudiathali.com\/wp-content\/uploads\/2021\/09\/mnd_gfx.png\" alt=\"\" class=\"wp-image-215\" srcset=\"https:\/\/claudiathali.com\/wp-content\/uploads\/2021\/09\/mnd_gfx.png 593w, https:\/\/claudiathali.com\/wp-content\/uploads\/2021\/09\/mnd_gfx-300x187.png 300w\" sizes=\"auto, (max-width: 593px) 100vw, 593px\" \/><\/figure>\n<\/div>\n\n\n\n<div class=\"wp-block-column is-vertically-aligned-center is-layout-flow wp-block-column-is-layout-flow\">\n<p>Die Vorteile eines achtsamen Lebensstils sind gut dokumentiert und f\u00fcr jeden mit etwas Willen und Einsatz zu erreichen. Achtsamkeit ist keine esoterische Form des Philosophierens, sondern&nbsp;ein erforschtes mentales Training f\u00fcr mehr Lebenszufriedenheit.&nbsp;<\/p>\n\n\n\n<p>Achtsamkeit wird weltweit in Unternehmen wie&nbsp;Google, Roche, IKEA,&nbsp;SAP und&nbsp;Goldman Sachs, aber auch an vielen Universit\u00e4ten&nbsp;sowie&nbsp;von&nbsp;Spitzensportlern praktiziert. ABC-Nachrichtensprecher Dan Harries fasst die Vorteile der Achtsamkeit in diesem kurzen <a rel=\"noreferrer noopener\" href=\"https:\/\/www.youtube.com\/watch?v=FAcTIrA2Qhk\" target=\"_blank\">Video<\/a> zusammen.&nbsp;<\/p>\n\n\n\n<p><a rel=\"noreferrer noopener\" href=\"https:\/\/www.youtube.com\/watch?v=mjtfyuTTQFY\" target=\"_blank\">Achtsamkeit<\/a> kann definiert werden als&nbsp;\u00abdas Bewusstsein, das durch gerichtete, nicht wertende Aufmerksamkeit in der Gegenwart entsteht\u00bb (J. Kabat-Zinn).<\/p>\n<\/div>\n<\/div>\n\n\n\n<div class=\"wp-block-media-text alignwide has-media-on-the-right is-stacked-on-mobile has-light-grey-background-color has-background\"><div class=\"wp-block-media-text__content\">\n<h2 class=\"wp-block-heading\">Vorteile der Achtsamkeit<\/h2>\n\n\n\n<p>Achtsamkeit, praktiziert in formaler Meditation und integriert in das t\u00e4gliche Leben, verbessert nachweislich unsere k\u00f6rperliche und geistige Gesundheit. Weit \u00fcber 100 kontrollierte Studien (durchgef\u00fchrt an Universit\u00e4ten wie Harvard, Oxford, Max-Planck-Institut) best\u00e4tigen den Nutzen von Achtsamkeit in verschiedenen Gesundheitsbereichen, einschlie\u00dflich Schlafst\u00f6rungen, Depressionen, Schmerzen und Sucht. Die Daten zeigen auch, dass Meditation den&nbsp;Cortisolspiegel&nbsp;senkt und damit den toxischen Auswirkungen von chronischem Stress entgegenwirkt. Zudem werden die  Konzentrationsf\u00e4higkeit verbessert und Kreativit\u00e4t, Selbstbewusstsein &amp; -regulierung sowie soziale F\u00e4higkeiten gef\u00f6rdert.&nbsp;<\/p>\n<\/div><figure class=\"wp-block-media-text__media\" data-no-zoom=\"true\"><img loading=\"lazy\" decoding=\"async\" width=\"615\" height=\"370\" src=\"https:\/\/claudiathali.com\/wp-content\/uploads\/2021\/09\/mindfulness.jpeg\" alt=\"\" class=\"wp-image-291 size-full\" srcset=\"https:\/\/claudiathali.com\/wp-content\/uploads\/2021\/09\/mindfulness.jpeg 615w, https:\/\/claudiathali.com\/wp-content\/uploads\/2021\/09\/mindfulness-300x180.jpeg 300w\" sizes=\"auto, (max-width: 615px) 100vw, 615px\" \/><\/figure><\/div>\n\n\n\n<div class=\"wp-block-media-text alignwide is-stacked-on-mobile has-light-grey-background-color has-background\"><figure class=\"wp-block-media-text__media\" data-no-zoom=\"true\"><img loading=\"lazy\" decoding=\"async\" width=\"462\" height=\"280\" src=\"https:\/\/claudiathali.com\/wp-content\/uploads\/2021\/09\/Neuroplasticity.jpeg\" alt=\"\" class=\"wp-image-293 size-full\" srcset=\"https:\/\/claudiathali.com\/wp-content\/uploads\/2021\/09\/Neuroplasticity.jpeg 462w, https:\/\/claudiathali.com\/wp-content\/uploads\/2021\/09\/Neuroplasticity-300x182.jpeg 300w\" sizes=\"auto, (max-width: 462px) 100vw, 462px\" \/><\/figure><div class=\"wp-block-media-text__content\">\n<h2 class=\"wp-block-heading\">Neuroplastizit\u00e4t<\/h2>\n\n\n\n<p>Was wir denken, wie wir handeln und worauf wir uns konzentrieren, ver\u00e4ndert die Struktur und Funktion des Gehirns (Neuroplastizit\u00e4t). Durch Meditation steigern wir unsere Selbstwahrnehmung und st\u00e4rken die Hirnareale, die f\u00fcr die Fokussierung und emotionale Regulierung zust\u00e4ndig sind. Dies f\u00fchrt zu mehr Wohlbefinden, kreativem Denken und Konzentrationsf\u00e4higkeit sowie zu erh\u00f6hter Sozialkompetenz.&nbsp;<\/p>\n<\/div><\/div>\n\n\n\n<div class=\"wp-block-media-text alignwide has-media-on-the-right is-stacked-on-mobile has-light-grey-background-color has-background\"><div class=\"wp-block-media-text__content\">\n<h2 class=\"wp-block-heading\">Achtsame F\u00fchrung<\/h2>\n\n\n\n<blockquote class=\"wp-block-quote is-layout-flow wp-block-quote-is-layout-flow\">\n<p>Der Erfolg der Intervention h\u00e4ngt von der inneren Verfassung des Eingreifenden ab.<\/p>\n<cite>William O\u2019Brien<\/cite><\/blockquote>\n\n\n\n<p>Emotionale Kompetenzen sind wichtig f\u00fcr den pers\u00f6nlichen Umgang mit Stress und insbesondere im sozialen Kontext. Achtsame F\u00fchrungspersonen sp\u00fcren, wann eine Pause angebracht ist. Sie k\u00f6nnen auch in schwierigen Situationen Dinge relativieren und die&nbsp;Sichtweise anderer einnehmen. Dar\u00fcber hinaus sind sie mitf\u00fchlend, pr\u00e4sent, klar und ehrlich im Umgang mit ihren Mitmenschen. Dies sind alles Soft Skills, die eine durchschnittliche F\u00fchrungskraft von einer erfolgreichen unterscheiden. Eine Tatsache, die in mehreren Arbeitsplatzstudien nachgewiesen wurde.&nbsp;<\/p>\n<\/div><figure class=\"wp-block-media-text__media\" data-no-zoom=\"true\"><img loading=\"lazy\" decoding=\"async\" width=\"462\" height=\"280\" src=\"https:\/\/claudiathali.com\/wp-content\/uploads\/2021\/09\/mindful_leadership.jpeg\" alt=\"\" class=\"wp-image-295 size-full\" srcset=\"https:\/\/claudiathali.com\/wp-content\/uploads\/2021\/09\/mindful_leadership.jpeg 462w, https:\/\/claudiathali.com\/wp-content\/uploads\/2021\/09\/mindful_leadership-300x182.jpeg 300w\" sizes=\"auto, (max-width: 462px) 100vw, 462px\" \/><\/figure><\/div>\n\n\n\n<div style=\"height:30px\" aria-hidden=\"true\" class=\"wp-block-spacer\"><\/div>\n\n\n<div class=\"alignfull block-text-slider-container block-61420479b1ccb0\">\n    <div class=\"align block-text-slider block-61420479b1ccb0 wp-block-acf-text-slider\">\n        <div class=\"carousel slide\" data-ride=\"carousel\" data-interval=\"5000\" id=\"slider61420479b1ccb0\">\n            <div class=\"carousel-inner\">\n                                    <h2>Kleine Auswahl an Studiendaten<\/h2>\n                                                    <div class=\"carousel-item active\">\n                        <p><strong>Kreativit\u00e4t und Fokussierung:<\/strong> Achtsamkeitstraining f\u00fchrt zu einer signifikanten Erh\u00f6hung der Aufmerksamkeitsleistung und kognitiven Flexibilit\u00e4t, wie in dieser Studie gezeigt wird, die Menschen mit und ohne Meditationspraxis vergleicht (Concious and Cognition 18, S. 176-186, 2009).<\/p>\n                    <\/div>\n                                    <div class=\"carousel-item\">\n                        <p><strong>Neuroplastizit\u00e4t:<\/strong> MRT-Bilder, die vor und nach einem 8-w\u00f6chigen MBSR-Kurs aufgenommen wurden, zeigen, dass sich die graue Substanz der Teilnehmer in Bereichen, die f\u00fcr das Ged\u00e4chtnis, die Aufmerksamkeit und die emotionale Kontrolle relevant sind, deutlich verdichtet hat (Psychiatrie Res. 191, S. 36-43, 2011)<\/p>\n                    <\/div>\n                                    <div class=\"carousel-item\">\n                        <p><strong>Konfliktmanagement:<\/strong> Die Bereitschaft der Israelis, im israelisch-pal\u00e4stinensischen Konflikt einen politischen Kompromiss einzugehen, war unmittelbar nach dem 8-w\u00f6chigen Training der MBSR und 6 Monate danach im Vergleich zu einer Kontrollgruppe deutlich erh\u00f6ht (Mindfulness 8, S. 1345-1353, 2017)<\/p>\n                    <\/div>\n                                    <div class=\"carousel-item\">\n                        <p><strong>Emotionale Intelligenz:<\/strong> Die weltweit gr\u00f6\u00dfte s\u00e4kulare Meditationsstudie zeigt, dass je nach Meditationstechnik andere Funktionsbereiche im Gehirn trainiert werden. Gespr\u00e4chsmeditation und Beobachtung des eigenen Denkens erh\u00f6hen die soziale Kompetenz und das Gef\u00fchl der Verbundenheit (Achtsamkeit 8, S. 218-231, 2017)<\/p>\n                    <\/div>\n                            <\/div>\n            <div class=\"carousel-controls\">\n                <a class=\"carousel-control-prev\" href=\"#slider61420479b1ccb0\" role=\"button\" data-slide=\"prev\">\n                    <span class=\"carousel-control-prev-icon\" aria-hidden=\"true\"><\/span>\n                    <span class=\"sr-only\">Letzter Text<\/span>\n                <\/a>\n                <a class=\"carousel-control-next\" href=\"#slider61420479b1ccb0\" role=\"button\" data-slide=\"next\">\n                    <span class=\"carousel-control-next-icon\" aria-hidden=\"true\"><\/span>\n                    <span class=\"sr-only\">N\u00e4chster Text<\/span>\n                <\/a>\n            <\/div>\n        <\/div>\n    <\/div>\n<\/div>\n\n\n<div style=\"height:60px\" aria-hidden=\"true\" class=\"wp-block-spacer\"><\/div>\n","protected":false},"excerpt":{"rendered":"<p>Achtsamkeit \u2013 nur ein Trend? &#8222;Wenn wir unsere Grenzen akzeptieren, k\u00f6nnen wir sie \u00fcberwinden.&#8220; Albert Einstein Die Vorteile eines achtsamen Lebensstils sind gut dokumentiert und f\u00fcr jeden mit etwas Willen und Einsatz zu erreichen. Achtsamkeit ist keine esoterische Form des Philosophierens, sondern&nbsp;ein erforschtes mentales Training f\u00fcr mehr Lebenszufriedenheit.&nbsp; Achtsamkeit wird weltweit in Unternehmen wie&nbsp;Google, Roche, [&hellip;]<\/p>\n","protected":false},"author":1,"featured_media":0,"parent":0,"menu_order":0,"comment_status":"closed","ping_status":"closed","template":"","meta":{"footnotes":""},"class_list":["post-51","page","type-page","status-publish","hentry"],"acf":[],"_links":{"self":[{"href":"https:\/\/claudiathali.com\/de\/wp-json\/wp\/v2\/pages\/51","targetHints":{"allow":["GET"]}}],"collection":[{"href":"https:\/\/claudiathali.com\/de\/wp-json\/wp\/v2\/pages"}],"about":[{"href":"https:\/\/claudiathali.com\/de\/wp-json\/wp\/v2\/types\/page"}],"author":[{"embeddable":true,"href":"https:\/\/claudiathali.com\/de\/wp-json\/wp\/v2\/users\/1"}],"replies":[{"embeddable":true,"href":"https:\/\/claudiathali.com\/de\/wp-json\/wp\/v2\/comments?post=51"}],"version-history":[{"count":58,"href":"https:\/\/claudiathali.com\/de\/wp-json\/wp\/v2\/pages\/51\/revisions"}],"predecessor-version":[{"id":1500,"href":"https:\/\/claudiathali.com\/de\/wp-json\/wp\/v2\/pages\/51\/revisions\/1500"}],"wp:attachment":[{"href":"https:\/\/claudiathali.com\/de\/wp-json\/wp\/v2\/media?parent=51"}],"curies":[{"name":"wp","href":"https:\/\/api.w.org\/{rel}","templated":true}]}}